{"id":546,"date":"2020-09-21T14:47:32","date_gmt":"2020-09-21T12:47:32","guid":{"rendered":"http:\/\/www.ecosolidaire.fr\/amapenbetton\/?page_id=546"},"modified":"2021-03-15T23:03:41","modified_gmt":"2021-03-15T22:03:41","slug":"emilien-et-philippe","status":"publish","type":"page","link":"https:\/\/www.ecosolidaire.fr\/amapenbetton\/emilien-et-philippe\/","title":{"rendered":"Emilien et Philippe"},"content":{"rendered":"<p>&nbsp;<\/p>\n<h3>La Fromagerie du Gros Ch\u00eane na\u00eet d\u2019une collaboration entre deux passionn\u00e9s d\u2019agriculture.<\/h3>\n<p><img loading=\"lazy\" decoding=\"async\" class=\"size-full wp-image-570 alignleft\" src=\"https:\/\/www.ecosolidaire.fr\/amapenbetton\/wp-content\/uploads\/2021\/03\/GrosChene.jpg\" alt=\"\" width=\"630\" height=\"439\" srcset=\"https:\/\/www.ecosolidaire.fr\/amapenbetton\/wp-content\/uploads\/2021\/03\/GrosChene.jpg 630w, https:\/\/www.ecosolidaire.fr\/amapenbetton\/wp-content\/uploads\/2021\/03\/GrosChene-300x209.jpg 300w, https:\/\/www.ecosolidaire.fr\/amapenbetton\/wp-content\/uploads\/2021\/03\/GrosChene-600x418.jpg 600w, https:\/\/www.ecosolidaire.fr\/amapenbetton\/wp-content\/uploads\/2021\/03\/GrosChene-400x279.jpg 400w\" sizes=\"auto, (max-width: 630px) 100vw, 630px\" \/>Nous sommes Philippe et \u00c9milien. En 2020, nous avons d\u00e9cid\u00e9 de nous associer en nous basant sur cette cette passion commune.<\/p>\n<p>Nos vaches sont de race Bretonnes pies noires, \u00e9lev\u00e9es dehors dans de beaux p\u00e2turages \u00e0 Betton, non loin de Rennes. Cette race de vaches anciennes donne un lait tr\u00e8s riche permettant de faire de tr\u00e8s bons produits laitiers.<\/p>\n<h3>&nbsp;<\/h3>\n<h3>Ainsi \u00e0 la ferme nous vous proposons une belle gamme de produits locaux et frais.<\/h3>\n<p><strong>Parmi les bons produits de notre troupeau, il y a d\u2019abord le bon lait bien s\u00fbr.<\/strong><\/p>\n<p><strong>Puis avec ce lait nous vous pr\u00e9parons des fromages dont la fameuse tomme de Pie Noire.<\/strong>&nbsp;\u00c9galement des yaourts et un fromage blanc \u00e0 tomber &#x1f642;<\/p>\n<p>Vous go\u00fbterez aussi \u00e0 notre confiture de lait maison : un d\u00e9lice \u00e0 emporter !<\/p>\n<p><strong>Enfin, un beau verger de pommiers nous permet de fabriquer un jus de pomme frais.<\/strong><\/p>\n<p>plus d&rsquo;information&nbsp; sur <a href=\"https:\/\/fromagerielegroschene.fr\/\" target=\"_blank\" rel=\"noopener noreferrer\">notre site<\/a>&nbsp; et&nbsp; <a href=\"https:\/\/www.facebook.com\/fromagerielegroschene\/\">notre page facebook<\/a><\/p>\n","protected":false},"excerpt":{"rendered":"<p>&nbsp; La Fromagerie du Gros Ch\u00eane na\u00eet d\u2019une collaboration entre deux passionn\u00e9s d\u2019agriculture. Nous sommes Philippe et \u00c9milien. En 2020, [&hellip;]<\/p>\n","protected":false},"author":1,"featured_media":0,"parent":0,"menu_order":0,"comment_status":"closed","ping_status":"closed","template":"","meta":{"site-sidebar-layout":"default","site-content-layout":"","ast-site-content-layout":"default","site-content-style":"default","site-sidebar-style":"default","ast-global-header-display":"","ast-banner-title-visibility":"","ast-main-header-display":"","ast-hfb-above-header-display":"","ast-hfb-below-header-display":"","ast-hfb-mobile-header-display":"","site-post-title":"","ast-breadcrumbs-content":"","ast-featured-img":"","footer-sml-layout":"","ast-disable-related-posts":"","theme-transparent-header-meta":"","adv-header-id-meta":"","stick-header-meta":"","header-above-stick-meta":"","header-main-stick-meta":"","header-below-stick-meta":"","astra-migrate-meta-layouts":"default","ast-page-background-enabled":"default","ast-page-background-meta":{"desktop":{"background-color":"var(--ast-global-color-5)","background-image":"","background-repeat":"repeat","background-position":"center center","background-size":"auto","background-attachment":"scroll","background-type":"","background-media":"","overlay-type":"","overlay-color":"","overlay-opacity":"","overlay-gradient":""},"tablet":{"background-color":"","background-image":"","background-repeat":"repeat","background-position":"center center","background-size":"auto","background-attachment":"scroll","background-type":"","background-media":"","overlay-type":"","overlay-color":"","overlay-opacity":"","overlay-gradient":""},"mobile":{"background-color":"","background-image":"","background-repeat":"repeat","background-position":"center center","background-size":"auto","background-attachment":"scroll","background-type":"","background-media":"","overlay-type":"","overlay-color":"","overlay-opacity":"","overlay-gradient":""}},"ast-content-background-meta":{"desktop":{"background-color":"var(--ast-global-color-4)","background-image":"","background-repeat":"repeat","background-position":"center center","background-size":"auto","background-attachment":"scroll","background-type":"","background-media":"","overlay-type":"","overlay-color":"","overlay-opacity":"","overlay-gradient":""},"tablet":{"background-color":"var(--ast-global-color-4)","background-image":"","background-repeat":"repeat","background-position":"center center","background-size":"auto","background-attachment":"scroll","background-type":"","background-media":"","overlay-type":"","overlay-color":"","overlay-opacity":"","overlay-gradient":""},"mobile":{"background-color":"var(--ast-global-color-4)","background-image":"","background-repeat":"repeat","background-position":"center center","background-size":"auto","background-attachment":"scroll","background-type":"","background-media":"","overlay-type":"","overlay-color":"","overlay-opacity":"","overlay-gradient":""}},"ngg_post_thumbnail":0,"footnotes":""},"class_list":["post-546","page","type-page","status-publish","hentry"],"_links":{"self":[{"href":"https:\/\/www.ecosolidaire.fr\/amapenbetton\/wp-json\/wp\/v2\/pages\/546","targetHints":{"allow":["GET"]}}],"collection":[{"href":"https:\/\/www.ecosolidaire.fr\/amapenbetton\/wp-json\/wp\/v2\/pages"}],"about":[{"href":"https:\/\/www.ecosolidaire.fr\/amapenbetton\/wp-json\/wp\/v2\/types\/page"}],"author":[{"embeddable":true,"href":"https:\/\/www.ecosolidaire.fr\/amapenbetton\/wp-json\/wp\/v2\/users\/1"}],"replies":[{"embeddable":true,"href":"https:\/\/www.ecosolidaire.fr\/amapenbetton\/wp-json\/wp\/v2\/comments?post=546"}],"version-history":[{"count":4,"href":"https:\/\/www.ecosolidaire.fr\/amapenbetton\/wp-json\/wp\/v2\/pages\/546\/revisions"}],"predecessor-version":[{"id":573,"href":"https:\/\/www.ecosolidaire.fr\/amapenbetton\/wp-json\/wp\/v2\/pages\/546\/revisions\/573"}],"wp:attachment":[{"href":"https:\/\/www.ecosolidaire.fr\/amapenbetton\/wp-json\/wp\/v2\/media?parent=546"}],"curies":[{"name":"wp","href":"https:\/\/api.w.org\/{rel}","templated":true}]}}