{"id":497,"date":"2019-11-29T15:21:12","date_gmt":"2019-11-29T14:21:12","guid":{"rendered":"http:\/\/www.ecosolidaire.fr\/amapenbetton\/?page_id=497"},"modified":"2019-11-29T15:21:43","modified_gmt":"2019-11-29T14:21:43","slug":"special-fetes-de-fin-dannee","status":"publish","type":"page","link":"https:\/\/www.ecosolidaire.fr\/amapenbetton\/special-fetes-de-fin-dannee\/","title":{"rendered":"Special f\u00eates de fin d&rsquo;ann\u00e9e"},"content":{"rendered":"<h1><strong>Virginie vous propose pour les f\u00eates :<\/strong><\/h1>\n<h1><strong><br \/>\n<img loading=\"lazy\" decoding=\"async\" class=\"alignnone wp-image-494 size-full\" src=\"https:\/\/www.ecosolidaire.fr\/amapenbetton\/wp-content\/uploads\/2019\/11\/Noel_Virginie.jpg\" alt=\"\" width=\"829\" height=\"658\" srcset=\"https:\/\/www.ecosolidaire.fr\/amapenbetton\/wp-content\/uploads\/2019\/11\/Noel_Virginie.jpg 829w, https:\/\/www.ecosolidaire.fr\/amapenbetton\/wp-content\/uploads\/2019\/11\/Noel_Virginie-300x238.jpg 300w, https:\/\/www.ecosolidaire.fr\/amapenbetton\/wp-content\/uploads\/2019\/11\/Noel_Virginie-768x610.jpg 768w, https:\/\/www.ecosolidaire.fr\/amapenbetton\/wp-content\/uploads\/2019\/11\/Noel_Virginie-600x476.jpg 600w, https:\/\/www.ecosolidaire.fr\/amapenbetton\/wp-content\/uploads\/2019\/11\/Noel_Virginie-400x317.jpg 400w\" sizes=\"auto, (max-width: 829px) 100vw, 829px\" \/><\/strong><\/h1>\n<p>&nbsp;<\/p>\n","protected":false},"excerpt":{"rendered":"<p>Virginie vous propose pour les f\u00eates : &nbsp;<\/p>\n","protected":false},"author":1,"featured_media":0,"parent":0,"menu_order":0,"comment_status":"closed","ping_status":"closed","template":"","meta":{"site-sidebar-layout":"default","site-content-layout":"","ast-site-content-layout":"default","site-content-style":"default","site-sidebar-style":"default","ast-global-header-display":"","ast-banner-title-visibility":"","ast-main-header-display":"","ast-hfb-above-header-display":"","ast-hfb-below-header-display":"","ast-hfb-mobile-header-display":"","site-post-title":"","ast-breadcrumbs-content":"","ast-featured-img":"","footer-sml-layout":"","ast-disable-related-posts":"","theme-transparent-header-meta":"","adv-header-id-meta":"","stick-header-meta":"","header-above-stick-meta":"","header-main-stick-meta":"","header-below-stick-meta":"","astra-migrate-meta-layouts":"default","ast-page-background-enabled":"default","ast-page-background-meta":{"desktop":{"background-color":"var(--ast-global-color-5)","background-image":"","background-repeat":"repeat","background-position":"center center","background-size":"auto","background-attachment":"scroll","background-type":"","background-media":"","overlay-type":"","overlay-color":"","overlay-opacity":"","overlay-gradient":""},"tablet":{"background-color":"","background-image":"","background-repeat":"repeat","background-position":"center center","background-size":"auto","background-attachment":"scroll","background-type":"","background-media":"","overlay-type":"","overlay-color":"","overlay-opacity":"","overlay-gradient":""},"mobile":{"background-color":"","background-image":"","background-repeat":"repeat","background-position":"center center","background-size":"auto","background-attachment":"scroll","background-type":"","background-media":"","overlay-type":"","overlay-color":"","overlay-opacity":"","overlay-gradient":""}},"ast-content-background-meta":{"desktop":{"background-color":"var(--ast-global-color-4)","background-image":"","background-repeat":"repeat","background-position":"center center","background-size":"auto","background-attachment":"scroll","background-type":"","background-media":"","overlay-type":"","overlay-color":"","overlay-opacity":"","overlay-gradient":""},"tablet":{"background-color":"var(--ast-global-color-4)","background-image":"","background-repeat":"repeat","background-position":"center center","background-size":"auto","background-attachment":"scroll","background-type":"","background-media":"","overlay-type":"","overlay-color":"","overlay-opacity":"","overlay-gradient":""},"mobile":{"background-color":"var(--ast-global-color-4)","background-image":"","background-repeat":"repeat","background-position":"center center","background-size":"auto","background-attachment":"scroll","background-type":"","background-media":"","overlay-type":"","overlay-color":"","overlay-opacity":"","overlay-gradient":""}},"ngg_post_thumbnail":0,"footnotes":""},"class_list":["post-497","page","type-page","status-publish","hentry"],"_links":{"self":[{"href":"https:\/\/www.ecosolidaire.fr\/amapenbetton\/wp-json\/wp\/v2\/pages\/497","targetHints":{"allow":["GET"]}}],"collection":[{"href":"https:\/\/www.ecosolidaire.fr\/amapenbetton\/wp-json\/wp\/v2\/pages"}],"about":[{"href":"https:\/\/www.ecosolidaire.fr\/amapenbetton\/wp-json\/wp\/v2\/types\/page"}],"author":[{"embeddable":true,"href":"https:\/\/www.ecosolidaire.fr\/amapenbetton\/wp-json\/wp\/v2\/users\/1"}],"replies":[{"embeddable":true,"href":"https:\/\/www.ecosolidaire.fr\/amapenbetton\/wp-json\/wp\/v2\/comments?post=497"}],"version-history":[{"count":1,"href":"https:\/\/www.ecosolidaire.fr\/amapenbetton\/wp-json\/wp\/v2\/pages\/497\/revisions"}],"predecessor-version":[{"id":498,"href":"https:\/\/www.ecosolidaire.fr\/amapenbetton\/wp-json\/wp\/v2\/pages\/497\/revisions\/498"}],"wp:attachment":[{"href":"https:\/\/www.ecosolidaire.fr\/amapenbetton\/wp-json\/wp\/v2\/media?parent=497"}],"curies":[{"name":"wp","href":"https:\/\/api.w.org\/{rel}","templated":true}]}}