{"id":272,"date":"2017-06-08T10:40:09","date_gmt":"2017-06-08T08:40:09","guid":{"rendered":"http:\/\/www.ecosolidaire.fr\/amapenbetton\/?page_id=272"},"modified":"2025-09-03T18:47:08","modified_gmt":"2025-09-03T16:47:08","slug":"association","status":"publish","type":"page","link":"https:\/\/www.ecosolidaire.fr\/amapenbetton\/association\/","title":{"rendered":"Association"},"content":{"rendered":"<div id=\"pl-272\"  class=\"panel-layout\" ><div id=\"pg-272-0\"  class=\"panel-grid panel-no-style\" ><div id=\"pgc-272-0-0\"  class=\"panel-grid-cell\" ><div id=\"panel-272-0-0-0\" class=\"so-panel widget widget_sow-editor panel-first-child panel-last-child\" data-index=\"0\" ><div\n\t\t\t\n\t\t\tclass=\"so-widget-sow-editor so-widget-sow-editor-base\"\n\t\t\t\n\t\t>\n<div class=\"siteorigin-widget-tinymce textwidget\">\n\t<p>\"AMAP en Betton\" est une association loi 1901.<\/p>\n<p>Le fonctionnement&nbsp; est le suivant&nbsp; :<\/p>\n<ul>\n<li>l'adh\u00e9sion est annuelle :&nbsp; renouvellement d\u00e9but octobre, 10 \u20ac de cotisation en 2025-2026 : <strong><a href=\"http:\/\/www.ecosolidaire.fr\/amapenbetton\/docs\/Adhesion.pdf\" target=\"_blank\" rel=\"noopener\">t\u00e9l\u00e9charger le formulaire d'adh\u00e9sion ici<\/a><\/strong><\/li>\n<li>Tous les produits sont \"bio\" .<\/li>\n<li>Chaque adh\u00e9rent souscrit un contrat avec le ou les producteurs de son choix&nbsp; <span style=\"color: #ff0000;\"> ( contrats \u00e0 jour pour la saison 2025-2026)<\/span>&nbsp; :\n<ul>\n<li>contrat \"l\u00e9gumes\"&nbsp; avec Brice&nbsp; :<strong> <a href=\"http:\/\/www.ecosolidaire.fr\/amapenbetton\/docs\/contrat_legumes.pdf\" target=\"_blank\" rel=\"noopener\">t\u00e9l\u00e9charger le contrat ici<\/a><\/strong><\/li>\n<li>contrat \"oeufs, porcs, poulets\"&nbsp; avec Virginie : <a href=\"http:\/\/www.ecosolidaire.fr\/amapenbetton\/docs\/contrat_oeufsPorcPoulet.pdf\" target=\"_blank\" rel=\"noopener\"><strong>t\u00e9l\u00e9charger le contrat ici<\/strong><\/a><\/li>\n<li>contrat \"pain\" avec Adeline : <a href=\"http:\/\/www.ecosolidaire.fr\/amapenbetton\/docs\/contrat_pain.pdf\" target=\"_blank\" rel=\"noopener\"><strong>t\u00e9l\u00e9charger le contrat ici<\/strong><\/a><\/li>\n<li>contrat \"laitages\" avec Emilien et Philippe: <a href=\"http:\/\/www.ecosolidaire.fr\/amapenbetton\/docs\/contrat_laitages.pdf\" target=\"_blank\" rel=\"noopener\"><strong>t\u00e9l\u00e9charger le contrat ici<\/strong><\/a><\/li>\n<\/ul>\n<\/li>\n<\/ul>\n<ul>\n<li>l'assembl\u00e9e g\u00e9n\u00e9rale a lieu g\u00e9n\u00e9ralement d\u00e9but septembre , le midi autour d'un pique-nique convivial, ou en soir\u00e9e avec \"repas traiteur\"<\/li>\n<li>chaque adh\u00e9rent contribue \u00e0 l'animation de l'AMAP, dans un esprit de \"partage\" &nbsp; :\n<ul>\n<li>2 \u00e0 3 adh\u00e9rents&nbsp; chaque semaine pour aider \u00e0 la permanence de distribution<\/li>\n<li>Occasionnellement, les producteurs font appel \"aux bonnes volont\u00e9s\" pour&nbsp; les aider&nbsp; dans&nbsp; quelques travaux , par exemple le ramassage des patates chez Brice, ou au d\u00e9sherbage chez Adeline<\/li>\n<\/ul>\n<\/li>\n<\/ul>\n<p>Le nombre de panier de l\u00e9gumes est limit\u00e9 par la capacit\u00e9 de production , qui est environ de 55 paniers l\u00e9gumes par semaine ;&nbsp;<br \/>\n<strong>==&gt; il y a donc une liste d'attente pour les l\u00e9gumes ;&nbsp; s'inscrire via le formulaire en page d'acueil<\/strong><\/p>\n<p><strong>Pour les laitages, pain, oeufs\/viande , pas de souci de quota : vous \u00eates les bienvenus, sans inscription pr\u00e9alable : il vous suffit de vous venir&nbsp; nous voir \u00e0 une des distributions de septembre pour discuter avec les producteurs &nbsp; ,et d\u00e9poser votre adh\u00e9sion et contrats et ch\u00e8ques associ\u00e9s avant la date limite.<\/strong><br \/>\nLes contrats \"vierge\" au format papier seront disponibles aux distributions de septembre . Ils sont \u00e9galement disponibles en t\u00e9l\u00e9chargement&nbsp; via les liens ci-dessus<br \/>\n<strong>==&gt; Si vous \u00eates sur liste d'attente pour les l\u00e9gumes, vous pouvez donc quand m\u00eame adh\u00e9rer \u00e0 l'AMAP pour les laitages - pain - oeufs\/viande<\/strong><\/p>\n<h4><strong><br \/>\n<\/strong><strong>==&gt; En 2025, la nouvelle \"saison\" commencera le jeudi 2 octobre ; la date limite pour le d\u00e9p\u00f4t des adh\u00e9sions et contrats est fix\u00e9e au&nbsp; jeudi 25 septembre ,&nbsp; aux lieu et horaires de distribution.<\/strong><\/h4>\n<\/div>\n<\/div><\/div><\/div><\/div><\/div>","protected":false},"excerpt":{"rendered":"<p>\u00ab\u00a0AMAP en Betton\u00a0\u00bb est une association loi 1901. Le fonctionnement&nbsp; est le suivant&nbsp; : l&rsquo;adh\u00e9sion est annuelle :&nbsp; renouvellement d\u00e9but [&hellip;]<\/p>\n","protected":false},"author":1,"featured_media":0,"parent":0,"menu_order":0,"comment_status":"closed","ping_status":"closed","template":"","meta":{"site-sidebar-layout":"default","site-content-layout":"","ast-site-content-layout":"default","site-content-style":"default","site-sidebar-style":"default","ast-global-header-display":"","ast-banner-title-visibility":"","ast-main-header-display":"","ast-hfb-above-header-display":"","ast-hfb-below-header-display":"","ast-hfb-mobile-header-display":"","site-post-title":"","ast-breadcrumbs-content":"","ast-featured-img":"","footer-sml-layout":"","ast-disable-related-posts":"","theme-transparent-header-meta":"","adv-header-id-meta":"","stick-header-meta":"","header-above-stick-meta":"","header-main-stick-meta":"","header-below-stick-meta":"","astra-migrate-meta-layouts":"default","ast-page-background-enabled":"default","ast-page-background-meta":{"desktop":{"background-color":"var(--ast-global-color-5)","background-image":"","background-repeat":"repeat","background-position":"center center","background-size":"auto","background-attachment":"scroll","background-type":"","background-media":"","overlay-type":"","overlay-color":"","overlay-opacity":"","overlay-gradient":""},"tablet":{"background-color":"","background-image":"","background-repeat":"repeat","background-position":"center center","background-size":"auto","background-attachment":"scroll","background-type":"","background-media":"","overlay-type":"","overlay-color":"","overlay-opacity":"","overlay-gradient":""},"mobile":{"background-color":"","background-image":"","background-repeat":"repeat","background-position":"center center","background-size":"auto","background-attachment":"scroll","background-type":"","background-media":"","overlay-type":"","overlay-color":"","overlay-opacity":"","overlay-gradient":""}},"ast-content-background-meta":{"desktop":{"background-color":"var(--ast-global-color-4)","background-image":"","background-repeat":"repeat","background-position":"center center","background-size":"auto","background-attachment":"scroll","background-type":"","background-media":"","overlay-type":"","overlay-color":"","overlay-opacity":"","overlay-gradient":""},"tablet":{"background-color":"var(--ast-global-color-4)","background-image":"","background-repeat":"repeat","background-position":"center center","background-size":"auto","background-attachment":"scroll","background-type":"","background-media":"","overlay-type":"","overlay-color":"","overlay-opacity":"","overlay-gradient":""},"mobile":{"background-color":"var(--ast-global-color-4)","background-image":"","background-repeat":"repeat","background-position":"center center","background-size":"auto","background-attachment":"scroll","background-type":"","background-media":"","overlay-type":"","overlay-color":"","overlay-opacity":"","overlay-gradient":""}},"ngg_post_thumbnail":0,"footnotes":""},"class_list":["post-272","page","type-page","status-publish","hentry"],"_links":{"self":[{"href":"https:\/\/www.ecosolidaire.fr\/amapenbetton\/wp-json\/wp\/v2\/pages\/272","targetHints":{"allow":["GET"]}}],"collection":[{"href":"https:\/\/www.ecosolidaire.fr\/amapenbetton\/wp-json\/wp\/v2\/pages"}],"about":[{"href":"https:\/\/www.ecosolidaire.fr\/amapenbetton\/wp-json\/wp\/v2\/types\/page"}],"author":[{"embeddable":true,"href":"https:\/\/www.ecosolidaire.fr\/amapenbetton\/wp-json\/wp\/v2\/users\/1"}],"replies":[{"embeddable":true,"href":"https:\/\/www.ecosolidaire.fr\/amapenbetton\/wp-json\/wp\/v2\/comments?post=272"}],"version-history":[{"count":33,"href":"https:\/\/www.ecosolidaire.fr\/amapenbetton\/wp-json\/wp\/v2\/pages\/272\/revisions"}],"predecessor-version":[{"id":659,"href":"https:\/\/www.ecosolidaire.fr\/amapenbetton\/wp-json\/wp\/v2\/pages\/272\/revisions\/659"}],"wp:attachment":[{"href":"https:\/\/www.ecosolidaire.fr\/amapenbetton\/wp-json\/wp\/v2\/media?parent=272"}],"curies":[{"name":"wp","href":"https:\/\/api.w.org\/{rel}","templated":true}]}}