{"id":270,"date":"2017-06-08T10:39:29","date_gmt":"2017-06-08T08:39:29","guid":{"rendered":"http:\/\/www.ecosolidaire.fr\/amapenbetton\/?page_id=270"},"modified":"2019-11-29T15:19:05","modified_gmt":"2019-11-29T14:19:05","slug":"virginie","status":"publish","type":"page","link":"https:\/\/www.ecosolidaire.fr\/amapenbetton\/virginie\/","title":{"rendered":"Virginie"},"content":{"rendered":"<p><strong>Agricultrice \u00e0 Betton<\/strong>, je suis install\u00e9e <strong>\u00e0 deux pas de la for\u00eat de Rennes<\/strong> depuis juillet 2010.<\/p>\n<p>J\u2019\u00e9l\u00e8ve des <strong>porcs et des volailles en plein air<\/strong> : J\u2019ai fait le choix d\u2019\u00e9lever ces animaux selon le cahier des charges de l\u2019agriculture biologique ; je souhaitais en effet travailler en pr\u00e9servant l\u2019environnement et en respectant le bien \u00eatre animal.<\/p>\n<p>Quand les poussins arrivent sur l\u2019exploitation, ils vont dans une poussini\u00e8re chauff\u00e9e jusqu\u2019\u00e0 environ 4 semaines.<br \/>\nC\u2019est le temps que leur duvet disparaisse pour laisser appara\u00eetre des plumes.<br \/>\nIls sortent ensuite quotidiennement \u00e0 l\u2019ext\u00e9rieur o\u00f9 ils ont un parcours herbeux pour leur permettre de profiter du grand air.<\/p>\n<p>Mis \u00e0 part les poulets, j\u2019\u00e9l\u00e8ve \u00e9galement des pintades, canards et des volailles pour les f\u00eates de fin d\u2019ann\u00e9e.<\/p>\n<p>Les porcelets naissent en plein air chez un coll\u00e8gue respectant le cahier des charges AB, puis, ils arrivent \u00e0 la ferme d\u00e8s leurs 6 semaines o\u00f9 ils sont engraiss\u00e9s sur paille pendant environ 6 mois.<br \/>\nIls sont ensuite vendus au d\u00e9tail ou en colis.<\/p>\n<p>Pour vous proposer des produits de qualit\u00e9, <strong>les porcs et volailles sont tous nourris de c\u00e9r\u00e9ales cultiv\u00e9es selon le cahier des charges de l\u2019agriculture biologique<\/strong>.<\/p>\n","protected":false},"excerpt":{"rendered":"<p>Agricultrice \u00e0 Betton, je suis install\u00e9e \u00e0 deux pas de la for\u00eat de Rennes depuis juillet 2010. J\u2019\u00e9l\u00e8ve des porcs [&hellip;]<\/p>\n","protected":false},"author":1,"featured_media":0,"parent":0,"menu_order":0,"comment_status":"closed","ping_status":"closed","template":"","meta":{"site-sidebar-layout":"default","site-content-layout":"","ast-site-content-layout":"default","site-content-style":"default","site-sidebar-style":"default","ast-global-header-display":"","ast-banner-title-visibility":"","ast-main-header-display":"","ast-hfb-above-header-display":"","ast-hfb-below-header-display":"","ast-hfb-mobile-header-display":"","site-post-title":"","ast-breadcrumbs-content":"","ast-featured-img":"","footer-sml-layout":"","ast-disable-related-posts":"","theme-transparent-header-meta":"","adv-header-id-meta":"","stick-header-meta":"","header-above-stick-meta":"","header-main-stick-meta":"","header-below-stick-meta":"","astra-migrate-meta-layouts":"default","ast-page-background-enabled":"default","ast-page-background-meta":{"desktop":{"background-color":"var(--ast-global-color-5)","background-image":"","background-repeat":"repeat","background-position":"center center","background-size":"auto","background-attachment":"scroll","background-type":"","background-media":"","overlay-type":"","overlay-color":"","overlay-opacity":"","overlay-gradient":""},"tablet":{"background-color":"","background-image":"","background-repeat":"repeat","background-position":"center center","background-size":"auto","background-attachment":"scroll","background-type":"","background-media":"","overlay-type":"","overlay-color":"","overlay-opacity":"","overlay-gradient":""},"mobile":{"background-color":"","background-image":"","background-repeat":"repeat","background-position":"center center","background-size":"auto","background-attachment":"scroll","background-type":"","background-media":"","overlay-type":"","overlay-color":"","overlay-opacity":"","overlay-gradient":""}},"ast-content-background-meta":{"desktop":{"background-color":"var(--ast-global-color-4)","background-image":"","background-repeat":"repeat","background-position":"center center","background-size":"auto","background-attachment":"scroll","background-type":"","background-media":"","overlay-type":"","overlay-color":"","overlay-opacity":"","overlay-gradient":""},"tablet":{"background-color":"var(--ast-global-color-4)","background-image":"","background-repeat":"repeat","background-position":"center center","background-size":"auto","background-attachment":"scroll","background-type":"","background-media":"","overlay-type":"","overlay-color":"","overlay-opacity":"","overlay-gradient":""},"mobile":{"background-color":"var(--ast-global-color-4)","background-image":"","background-repeat":"repeat","background-position":"center center","background-size":"auto","background-attachment":"scroll","background-type":"","background-media":"","overlay-type":"","overlay-color":"","overlay-opacity":"","overlay-gradient":""}},"ngg_post_thumbnail":0,"footnotes":""},"class_list":["post-270","page","type-page","status-publish","hentry"],"_links":{"self":[{"href":"https:\/\/www.ecosolidaire.fr\/amapenbetton\/wp-json\/wp\/v2\/pages\/270","targetHints":{"allow":["GET"]}}],"collection":[{"href":"https:\/\/www.ecosolidaire.fr\/amapenbetton\/wp-json\/wp\/v2\/pages"}],"about":[{"href":"https:\/\/www.ecosolidaire.fr\/amapenbetton\/wp-json\/wp\/v2\/types\/page"}],"author":[{"embeddable":true,"href":"https:\/\/www.ecosolidaire.fr\/amapenbetton\/wp-json\/wp\/v2\/users\/1"}],"replies":[{"embeddable":true,"href":"https:\/\/www.ecosolidaire.fr\/amapenbetton\/wp-json\/wp\/v2\/comments?post=270"}],"version-history":[{"count":4,"href":"https:\/\/www.ecosolidaire.fr\/amapenbetton\/wp-json\/wp\/v2\/pages\/270\/revisions"}],"predecessor-version":[{"id":314,"href":"https:\/\/www.ecosolidaire.fr\/amapenbetton\/wp-json\/wp\/v2\/pages\/270\/revisions\/314"}],"wp:attachment":[{"href":"https:\/\/www.ecosolidaire.fr\/amapenbetton\/wp-json\/wp\/v2\/media?parent=270"}],"curies":[{"name":"wp","href":"https:\/\/api.w.org\/{rel}","templated":true}]}}