{"id":268,"date":"2017-06-08T10:39:03","date_gmt":"2017-06-08T08:39:03","guid":{"rendered":"http:\/\/www.ecosolidaire.fr\/amapenbetton\/?page_id=268"},"modified":"2018-01-31T17:49:58","modified_gmt":"2018-01-31T16:49:58","slug":"brice","status":"publish","type":"page","link":"https:\/\/www.ecosolidaire.fr\/amapenbetton\/brice\/","title":{"rendered":"Brice"},"content":{"rendered":"<div id=\"pl-268\"  class=\"panel-layout\" ><div id=\"pg-268-0\"  class=\"panel-grid panel-no-style\" ><div id=\"pgc-268-0-0\"  class=\"panel-grid-cell\" ><div id=\"panel-268-0-0-0\" class=\"so-panel widget widget_sow-editor panel-first-child panel-last-child\" data-index=\"0\" ><div\n\t\t\t\n\t\t\tclass=\"so-widget-sow-editor so-widget-sow-editor-base\"\n\t\t\t\n\t\t>\n<div class=\"siteorigin-widget-tinymce textwidget\">\n\t<p><img loading=\"lazy\" decoding=\"async\" class=\"size-medium wp-image-368 alignleft\" src=\"http:\/\/www.ecosolidaire.fr\/amapenbetton\/wp-content\/uploads\/2017\/06\/DSC_0613-1-199x300.jpg\" alt=\"\" width=\"199\" height=\"300\" srcset=\"https:\/\/www.ecosolidaire.fr\/amapenbetton\/wp-content\/uploads\/2017\/06\/DSC_0613-1-199x300.jpg 199w, https:\/\/www.ecosolidaire.fr\/amapenbetton\/wp-content\/uploads\/2017\/06\/DSC_0613-1-768x1156.jpg 768w, https:\/\/www.ecosolidaire.fr\/amapenbetton\/wp-content\/uploads\/2017\/06\/DSC_0613-1-680x1024.jpg 680w, https:\/\/www.ecosolidaire.fr\/amapenbetton\/wp-content\/uploads\/2017\/06\/DSC_0613-1-1200x1807.jpg 1200w, https:\/\/www.ecosolidaire.fr\/amapenbetton\/wp-content\/uploads\/2017\/06\/DSC_0613-1-400x602.jpg 400w\" sizes=\"auto, (max-width: 199px) 100vw, 199px\" \/>Je suis install\u00e9 sur ma ferme, en location, au <strong>champ Juhel \u00e0 Mouaz\u00e9<\/strong> depuis 2009. J'utilise\u00a0 environ\u00a0 2000m\u00b2\u00a0 de tunnel\u00a0 et 8000m\u00b2 de plein champ pour les\u00a0 cultures maraich\u00e8res,\u00a0 et j'ai aussi 4000m\u00b2 de vergers et 1,5ha de prairies.<\/p>\n<p>Je suis <strong>certifi\u00e9 \"bio\" depuis 2006<\/strong> . Je produis environ <strong>40 vari\u00e9t\u00e9s de fruits et l\u00e9gumes<\/strong>. L'essentiel de ma production est pour l'<strong>AMAP : \u00a0 53 paniers \/semaines<\/strong>, \u00a0 et je fournis aussi en compl\u00e9ment\u00a0 les cantines des \u00e9coles maternelles de Chevaign\u00e9 et St Sulpice, qui sont proches de chez moi. Mon chiffre d'affaires mensuel est d'environ 2400\u20ac , ce qui fait une revenu net de 1200\u20ac.<\/p>\n<p>Je pratique le \"<strong>maraichage sur sol vivant<\/strong>\"\u00a0 depuis 4 ans et je participe au <a href=\"http:\/\/maraichagesolvivant.org\">groupe\u00a0 de r\u00e9flexion\u00a0 MSV<\/a>\u00a0<a href=\"http:\/\/maraichagesolvivant.org\"> . <br \/><\/a>C'est une d\u00e9marche qui a pour but d'am\u00e9liorer la vie organique du sol par un apport massif initial de carbone ( paille, feuilles, broyat de v\u00e9g\u00e9taux) m\u00e9lang\u00e9 \u00e0 la terre sur au moins 30cm de profondeur , compl\u00e9t\u00e9 ensuite annuellement par un paillage int\u00e9gral des cultures et un travail minimal du sol ; j'ai pu ainsi clairement noter l'am\u00e9lioration de mon sol depuis 3 ans : elle est plus souple, brune, a\u00e9r\u00e9e et les vers de terre abondent \ud83d\ude42<\/p>\n<p><strong>J'aime ce m\u00e9tier<\/strong> et teste souvent des innovations, comme mes \"chaussures plantoir\" et les pommes de terre sous la paille, c'est \u00e0 dire non plant\u00e9es : juste r\u00e9parties sur la terre et recouverte d'une couche de paille de 30cm environ\u00a0 ; tout ne r\u00e9ussit pas\u00a0 mais ... \u00e7\u00e0 progresse \ud83d\ude09<\/p>\n<p>Le principe et l'organisation de l'AMAP me conviennent parfaitement :<strong> J'aime en particulier\u00a0 la distribution du jeudi et le contact avec les \"Amapiens\" : c'est un moment convivial et enrichissant.<\/strong><\/p>\n<\/div>\n<\/div><\/div><\/div><\/div><div id=\"pg-268-1\"  class=\"panel-grid panel-no-style\" ><div id=\"pgc-268-1-0\"  class=\"panel-grid-cell\" ><div id=\"panel-268-1-0-0\" class=\"so-panel widget panel-first-child panel-last-child\" data-index=\"1\" ><\/div><\/div><div id=\"pgc-268-1-1\"  class=\"panel-grid-cell\" ><div id=\"panel-268-1-1-0\" class=\"so-panel widget widget_media_video panel-first-child panel-last-child\" data-index=\"2\" ><div style=\"width:100%;\" class=\"wp-video\"><video class=\"wp-video-shortcode\" id=\"video-268-1\" preload=\"metadata\" controls=\"controls\"><source type=\"video\/youtube\" src=\"https:\/\/www.youtube.com\/watch?v=9utAS19g0f4&#038;_=1\" \/><a href=\"https:\/\/www.youtube.com\/watch?v=9utAS19g0f4\">https:\/\/www.youtube.com\/watch?v=9utAS19g0f4<\/a><\/video><\/div><\/div><\/div><\/div><\/div>","protected":false},"excerpt":{"rendered":"<p>Je suis install\u00e9 sur ma ferme, en location, au champ Juhel \u00e0 Mouaz\u00e9 depuis 2009. J&rsquo;utilise\u00a0 environ\u00a0 2000m\u00b2\u00a0 de tunnel\u00a0 [&hellip;]<\/p>\n","protected":false},"author":1,"featured_media":0,"parent":0,"menu_order":0,"comment_status":"closed","ping_status":"closed","template":"","meta":{"site-sidebar-layout":"default","site-content-layout":"","ast-site-content-layout":"default","site-content-style":"default","site-sidebar-style":"default","ast-global-header-display":"","ast-banner-title-visibility":"","ast-main-header-display":"","ast-hfb-above-header-display":"","ast-hfb-below-header-display":"","ast-hfb-mobile-header-display":"","site-post-title":"","ast-breadcrumbs-content":"","ast-featured-img":"","footer-sml-layout":"","ast-disable-related-posts":"","theme-transparent-header-meta":"","adv-header-id-meta":"","stick-header-meta":"","header-above-stick-meta":"","header-main-stick-meta":"","header-below-stick-meta":"","astra-migrate-meta-layouts":"default","ast-page-background-enabled":"default","ast-page-background-meta":{"desktop":{"background-color":"var(--ast-global-color-5)","background-image":"","background-repeat":"repeat","background-position":"center center","background-size":"auto","background-attachment":"scroll","background-type":"","background-media":"","overlay-type":"","overlay-color":"","overlay-opacity":"","overlay-gradient":""},"tablet":{"background-color":"","background-image":"","background-repeat":"repeat","background-position":"center center","background-size":"auto","background-attachment":"scroll","background-type":"","background-media":"","overlay-type":"","overlay-color":"","overlay-opacity":"","overlay-gradient":""},"mobile":{"background-color":"","background-image":"","background-repeat":"repeat","background-position":"center center","background-size":"auto","background-attachment":"scroll","background-type":"","background-media":"","overlay-type":"","overlay-color":"","overlay-opacity":"","overlay-gradient":""}},"ast-content-background-meta":{"desktop":{"background-color":"var(--ast-global-color-4)","background-image":"","background-repeat":"repeat","background-position":"center center","background-size":"auto","background-attachment":"scroll","background-type":"","background-media":"","overlay-type":"","overlay-color":"","overlay-opacity":"","overlay-gradient":""},"tablet":{"background-color":"var(--ast-global-color-4)","background-image":"","background-repeat":"repeat","background-position":"center center","background-size":"auto","background-attachment":"scroll","background-type":"","background-media":"","overlay-type":"","overlay-color":"","overlay-opacity":"","overlay-gradient":""},"mobile":{"background-color":"var(--ast-global-color-4)","background-image":"","background-repeat":"repeat","background-position":"center center","background-size":"auto","background-attachment":"scroll","background-type":"","background-media":"","overlay-type":"","overlay-color":"","overlay-opacity":"","overlay-gradient":""}},"ngg_post_thumbnail":0,"footnotes":""},"class_list":["post-268","page","type-page","status-publish","hentry"],"_links":{"self":[{"href":"https:\/\/www.ecosolidaire.fr\/amapenbetton\/wp-json\/wp\/v2\/pages\/268","targetHints":{"allow":["GET"]}}],"collection":[{"href":"https:\/\/www.ecosolidaire.fr\/amapenbetton\/wp-json\/wp\/v2\/pages"}],"about":[{"href":"https:\/\/www.ecosolidaire.fr\/amapenbetton\/wp-json\/wp\/v2\/types\/page"}],"author":[{"embeddable":true,"href":"https:\/\/www.ecosolidaire.fr\/amapenbetton\/wp-json\/wp\/v2\/users\/1"}],"replies":[{"embeddable":true,"href":"https:\/\/www.ecosolidaire.fr\/amapenbetton\/wp-json\/wp\/v2\/comments?post=268"}],"version-history":[{"count":59,"href":"https:\/\/www.ecosolidaire.fr\/amapenbetton\/wp-json\/wp\/v2\/pages\/268\/revisions"}],"predecessor-version":[{"id":317,"href":"https:\/\/www.ecosolidaire.fr\/amapenbetton\/wp-json\/wp\/v2\/pages\/268\/revisions\/317"}],"wp:attachment":[{"href":"https:\/\/www.ecosolidaire.fr\/amapenbetton\/wp-json\/wp\/v2\/media?parent=268"}],"curies":[{"name":"wp","href":"https:\/\/api.w.org\/{rel}","templated":true}]}}